{"id":2400,"date":"2019-01-08T11:03:51","date_gmt":"2019-01-08T11:03:51","guid":{"rendered":"https:\/\/fl.um.si\/en\/raziskovanje\/laboratoriji\/laboratorij-za-upravljanje-v-logistiki-in-oskrbovalnih-verigah\/"},"modified":"2022-03-17T14:04:33","modified_gmt":"2022-03-17T13:04:33","slug":"laboratorij-za-upravljanje-v-logistiki-in-oskrbovalnih-verigah","status":"publish","type":"page","link":"https:\/\/fl.um.si\/en\/research\/laboratoriji\/laboratorij-za-upravljanje-v-logistiki-in-oskrbovalnih-verigah\/","title":{"rendered":"Laboratory for Management In Logistics And Supply Chains"},"content":{"rendered":"<p>[vc_row full_width=&#8221;stretch_row_content_no_spaces&#8221;][vc_column]\t\t\n\t\t<div class=\"title-banner\" style=\"background-image: url(https:\/\/fl.um.si\/wp-content\/uploads\/2019\/01\/cover1.jpg);\">\n\t\t\t<div class=\"container\">\n\t\t\t\t<h2 class=\"entry-title\">Laboratories<\/h2>\n\n\t\t\t\t<div class=\"breadcrumbs-container\">\n\t\t\t\t\t\n\t<ul class=\"ns-breadcrumbs\">\n\t\t\t<li><a href=\"https:\/\/fl.um.si\/en\/\">Home<\/a><\/li>\n\t\t\t\t\t<li><a href=\"https:\/\/fl.um.si\/en\/research\/\">Research<\/a><\/li>\n\t\t\t\t\t<li><a href=\"https:\/\/fl.um.si\/en\/research\/laboratoriji\/\">Laboratories<\/a><\/li>\n\t\t\t\t<li>Laboratory for Management In Logistics And Supply Chains<\/li>\n\t<\/ul>\n\t\n\t\t\t\t\t<\/div>\n\n\t\t\t<\/div>\n\t\t<\/div>\n\n\t\t[\/vc_column][\/vc_row][vc_row][vc_column width=&#8221;1\/4&#8243; el_class=&#8221;side-col&#8221; offset=&#8221;vc_col-lg-2 vc_col-md-3&#8243;][vc_row][vc_column]\t\n\t\t<nav class=\" sidenav \">\n\t\t\t\t<ul>\n\t\t<li class=\"page_item page-item-2314 page_item_has_children\"><a href=\"https:\/\/fl.um.si\/en\/research\/laboratoriji\/\">Laboratories<\/a>\n<ul class='sub-menu-1'>\n\t<li class=\"page_item page-item-2393\"><a href=\"https:\/\/fl.um.si\/en\/research\/laboratoriji\/laboratory_for_logistics_systems\/\">Laboratory for Cognitive systems in Logistics<\/a><\/li>\n\t<li class=\"page_item page-item-2390\"><a href=\"https:\/\/fl.um.si\/en\/research\/laboratoriji\/laboratory_quantitative-modelling-in-logistics\/\">Laboratory for Quantitative Modelling in Logistics<\/a><\/li>\n\t<li class=\"page_item page-item-2397 page_item_has_children\"><a href=\"https:\/\/fl.um.si\/en\/research\/laboratoriji\/laboratorij-za-trajnostno-logistiko-in-mobilnost\/\">Laboratory for Sustainable Logistics And Mobility<\/a>\n\t<ul class='sub-menu-2'>\n\t\t<li class=\"page_item page-item-13206\"><a href=\"https:\/\/fl.um.si\/en\/research\/laboratoriji\/laboratorij-za-trajnostno-logistiko-in-mobilnost\/temeljni-raziskovalni-projekt-elektricni-skiroji-v-urbanih-okoljih-studija-varnosti-infrastrukture-in-dinamike-mobilnosti\/\">Basic research project: Electric scooters in urban environments: a study of safety, infrastructure, and mobility dynamics<\/a><\/li>\n\t<\/ul>\n<\/li>\n\t<li class=\"page_item page-item-2400\"><a href=\"https:\/\/fl.um.si\/en\/research\/laboratoriji\/laboratorij-za-upravljanje-v-logistiki-in-oskrbovalnih-verigah\/\">Laboratory for Management In Logistics And Supply Chains<\/a><\/li>\n<\/ul>\n<\/li>\n<li class=\"page_item page-item-2403 page_item_has_children\"><a href=\"https:\/\/fl.um.si\/en\/research\/projekti\/\">Projects<\/a>\n<ul class='sub-menu-1'>\n\t<li class=\"page_item page-item-2406\"><a href=\"https:\/\/fl.um.si\/en\/research\/projekti\/on-going-projects\/\">On going projects<\/a><\/li>\n\t<li class=\"page_item page-item-2410\"><a href=\"https:\/\/fl.um.si\/en\/research\/projekti\/completed-projects\/\">Completed projects<\/a><\/li>\n<\/ul>\n<\/li>\n<li class=\"page_item page-item-7524 page_item_has_children\"><a href=\"https:\/\/fl.um.si\/en\/research\/research-infrastructure\/\">Research Infrastructure<\/a>\n<ul class='sub-menu-1'>\n\t<li class=\"page_item page-item-9017\"><a href=\"https:\/\/fl.um.si\/en\/research\/research-infrastructure\/research-infrastructure-2\/\">Research Infrastructure<\/a><\/li>\n<\/ul>\n<\/li>\n<li class=\"page_item page-item-2328\"><a href=\"https:\/\/fl.um.si\/en\/research\/mednarodna-zalozba\/\">Scientific publishing hub<\/a><\/li>\n\t   \t<\/ul>\n\t<\/nav>\n\t\n\t[\/vc_column][\/vc_row][\/vc_column][vc_column width=&#8221;3\/4&#8243; el_class=&#8221;content-col&#8221; offset=&#8221;vc_col-lg-10 vc_col-md-9&#8243;]\t\t\n\t\t<h1 class=\"page-title  \">Laboratory for Management In Logistics And Supply Chains<\/h1>\n\n\t\t[vc_column_text][\/vc_column_text][vc_column_text]<strong>Laboratory members:<\/strong><\/p>\n<p><strong>Head of the laboratory:<\/strong> assoc. prof. Matev\u017e Obrecht, PhD<br \/>\n<strong>Laboratory members:<\/strong> full prof. Bojan Rosi, PhD; full prof. Borut Jereb, PhD; assist. prof. Sonja Mlaker Ka\u010d, PhD; lect. in Eng., Polona Vi\u010di\u010d, PhD; teaching assist. Maja Rosi, PhD; teaching assist. Mateja \u010cu\u010dek, teaching assist. Milena Kajba<\/p>\n<h3><strong>Scientific-research work<\/strong><\/h3>\n<p>Primary research fields of the laboratory are:<\/p>\n<ol>\n<li>Impact of new technological and socio-economic risks on supply chains and logistics of the future<\/li>\n<li>Management of environmental risks in the fields of transport and supply networks<\/li>\n<li>Human resources and their management in logistics processes and supply chains<\/li>\n<li>Terminology from the fields of logistics and supply chains<\/li>\n<\/ol>\n<p>&nbsp;<\/p>\n<p>The Laboratory for Managing Logistics and Supply Chains engages in the research of transformation and development of new forms of supply chains, which follow the latest technological (IoT in the distribution in supply chains; autonomous vehicles and electric vehicles for transport in supply chains; cloud logistics for connecting supply chain stakeholders) and socio-economic trends (sharing economy \u2013 sharing of transport, warehouses, containers, etc.; connected life; just-in-time approaches) in logistics. Furthermore, our research activities focus on new technologies for cleaner transport (researching hydrogen and biomethane as energy sources for transport of the future), which impacts the development of sustainable supply chains.<\/p>\n<p>The study of the impact of socio-economic and social preferences on changes in logistics focuses on supply chains (e.g., food supply chain, textile supply chain, energy supply chain) and identification of potential improvements for achieving better sustainability in the network of supply chain partners (one example being reduced emissions due to increasing in online shopping).<\/p>\n<p>In the field of environmental risks, our research focus is on the impact of transport on the environment on the micro-level (city access roads, motorway slip roads, etc.), the impact of transport on cyclists and pedestrians at different distances from the source of pollution, and the analysis, modelling and simulation of the impact of pollution on the planning of environmentally and human health friendlier transport routes in supply chains of the future. The focus is on measuring PM particles.<\/p>\n<p>Given the increase in e-mobility and the number of models of registered electric vehicles in the UE, the laboratory also researches the potential of the use of electric vehicles and worn out batteries of electric vehicles (personal vehicles, forklifts, transporters) for stabilization and provision of a reliable and affordable energy supply network.<\/p>\n<p>Other important research areas are the social responsibility of logistics companies, socially responsible practices in logistics, identification and study of competencies of future logistics personnel in rapidly changing business environments, and the need for constant adaptation and integration of new competencies needed for handling new technologies in logistics.<\/p>\n<p>Research also includes the study of new expressions, most of which emerge in the English language, their understanding and translation into the Slovene language, and the role of modalities in research and professional texts in the field of logistics.<\/p>\n<p>&nbsp;<\/p>\n<h3><strong>Projects<\/strong><\/h3>\n<p><strong>Completed projects (2019):<\/strong><\/p>\n<ul>\n<li>Interreg Slovenia Croatia: Cross Health<\/li>\n<li>Promotion of interdisciplinary integration of environmental topics in the process of higher professional education<\/li>\n<li>Biomethane \u2013 sustainable energy source for transport<\/li>\n<li>We explain &#8211; the potential of the use of explanatory video content in logistics in tourism<\/li>\n<li>Measurement of PM particles and black carbon in transport<\/li>\n<\/ul>\n<p><strong>Projects in progress:<\/strong><\/p>\n<ul>\n<li>\u0160IPK projects<\/li>\n<li>The millennial generation, its specificities and the importance of understanding them in the service industry<\/li>\n<li>Promotion of the evaluation of environmental impacts and their integration into the planning of transport routes<\/li>\n<li>International language conference The Importance of Learning Professional Foreign Languages for Communication between Cultures<\/li>\n<\/ul>\n<p><strong>Projects submitted for consideration:<\/strong><\/p>\n<ul>\n<li>Promotion of interdisciplinary environmental and sustainability topics in logistics and supply chain related higher education in the Middle east (Bilateral SLO-TR)<\/li>\n<li>Explanatory video contents in logistics and tourism &#8211; Erasmus + Strategic partnerships (Erasmus+)<\/li>\n<li>Supply chain risk catalogue (international)<\/li>\n<li>PV energy production and EV as storage for stabilizing in the electric power system as a new economic model for new companies trading with PV energy<\/li>\n<li>Development of the application for the evaluation of environmental impacts of transport routes for increasing the sustainability of supply chains (Tetramax)<\/li>\n<li>Preparation of national strategy and action plans for transition from coal of Slovenian coal regions (EC REFORM\/SC2020\/004)<\/li>\n<\/ul>\n<p>&nbsp;<\/p>\n<h3><strong>Opportunities for students<\/strong><\/h3>\n<p>There are plenty of opportunities for students: they can take part in different international and national projects carried out in the framework of the laboratory. Students can further their research work in the framework of (scientific) research work, final work. They are encouraged to present their research results at domestic and international conferences, symposia, and in journals.[\/vc_column_text][\/vc_column][\/vc_row]<\/p>\n","protected":false},"excerpt":{"rendered":"<p>[vc_row full_width=&#8221;stretch_row_content_no_spaces&#8221;][vc_column][\/vc_column][\/vc_row][vc_row][vc_column width=&#8221;1\/4&#8243; el_class=&#8221;side-col&#8221; offset=&#8221;vc_col-lg-2 vc_col-md-3&#8243;][\/vc_column][vc_column width=&#8221;3\/4&#8243; el_class=&#8221;content-col&#8221; offset=&#8221;vc_col-lg-10 vc_col-md-9&#8243;][vc_column_text][\/vc_column_text][vc_column_text]Laboratory members: Head of the laboratory: assoc. prof. Matev\u017e Obrecht, PhD Laboratory members: full prof. Bojan Rosi, PhD; full prof. Borut Jereb, PhD; assist. prof. Sonja Mlaker Ka\u010d, PhD; lect. in Eng., Polona Vi\u010di\u010d, PhD; teaching assist. Maja Rosi, PhD; teaching assist. Mateja \u010cu\u010dek, teaching assist. [&hellip;]<\/p>\n","protected":false},"author":1,"featured_media":0,"parent":2314,"menu_order":3,"comment_status":"closed","ping_status":"closed","template":"","meta":[],"_links":{"self":[{"href":"https:\/\/fl.um.si\/en\/wp-json\/wp\/v2\/pages\/2400"}],"collection":[{"href":"https:\/\/fl.um.si\/en\/wp-json\/wp\/v2\/pages"}],"about":[{"href":"https:\/\/fl.um.si\/en\/wp-json\/wp\/v2\/types\/page"}],"author":[{"embeddable":true,"href":"https:\/\/fl.um.si\/en\/wp-json\/wp\/v2\/users\/1"}],"replies":[{"embeddable":true,"href":"https:\/\/fl.um.si\/en\/wp-json\/wp\/v2\/comments?post=2400"}],"version-history":[{"count":3,"href":"https:\/\/fl.um.si\/en\/wp-json\/wp\/v2\/pages\/2400\/revisions"}],"predecessor-version":[{"id":7389,"href":"https:\/\/fl.um.si\/en\/wp-json\/wp\/v2\/pages\/2400\/revisions\/7389"}],"up":[{"embeddable":true,"href":"https:\/\/fl.um.si\/en\/wp-json\/wp\/v2\/pages\/2314"}],"wp:attachment":[{"href":"https:\/\/fl.um.si\/en\/wp-json\/wp\/v2\/media?parent=2400"}],"curies":[{"name":"wp","href":"https:\/\/api.w.org\/{rel}","templated":true}]}}