{"id":2385,"date":"2019-01-08T11:03:50","date_gmt":"2019-01-08T11:03:50","guid":{"rendered":"https:\/\/fl.um.si\/en\/laboratorij-za-kvantitativno-modeliranje-v-logistiki\/"},"modified":"2021-04-20T10:03:58","modified_gmt":"2021-04-20T08:03:58","slug":"laboratorij-za-kvantitativno-modeliranje-v-logistiki","status":"publish","type":"page","link":"https:\/\/fl.um.si\/en\/laboratorij-za-kvantitativno-modeliranje-v-logistiki\/","title":{"rendered":"Laboratorij za kvantitativno modeliranje v logistiki"},"content":{"rendered":"<p>[vc_row full_width=&#8221;stretch_row_content_no_spaces&#8221;][vc_column]\t\t\n\t\t<div class=\"title-banner\" style=\"background-image: url(https:\/\/fl.um.si\/wp-content\/uploads\/2019\/01\/cover1.jpg);\">\n\t\t\t<div class=\"container\">\n\t\t\t\t<h2 class=\"entry-title\">Laboratorij za kvantitativno modeliranje v logistiki<\/h2>\n\n\t\t\t\t<div class=\"breadcrumbs-container\">\n\t\t\t\t\t\n\t<ul class=\"ns-breadcrumbs\">\n\t\t\t<li><a href=\"https:\/\/fl.um.si\/en\/\">Home<\/a><\/li>\n\t\t\t\t<li>Laboratorij za kvantitativno modeliranje v logistiki<\/li>\n\t<\/ul>\n\t\n\t\t\t\t\t<\/div>\n\n\t\t\t<\/div>\n\t\t<\/div>\n\n\t\t[\/vc_column][\/vc_row][vc_row][vc_column width=&#8221;1\/4&#8243; el_class=&#8221;side-col&#8221; offset=&#8221;vc_col-lg-2 vc_col-md-3&#8243;][vc_row][vc_column]\t\n\t\n\t[\/vc_column][\/vc_row][\/vc_column][vc_column width=&#8221;3\/4&#8243; el_class=&#8221;content-col&#8221; offset=&#8221;vc_col-lg-10 vc_col-md-9&#8243;]\t\t\n\t\t<h1 class=\"page-title  \">Laboratorij za kvantitativno modeliranje v logistiki<\/h1>\n\n\t\t[vc_column_text]<\/p>\n<h4><strong>Izdelava virtualnega modela za optimizacijo proizvodnih procesov<\/strong><\/h4>\n<p>V okviru Laboratorija za kvantitativno modeliranje v logistiki izdelamo virtualni model proizvodnje v poljubnem podjetju. Na ta na\u010din nastane virtualni laboratorij realnega proizvodnega okolja, ki dopu\u0161\u010da primerjanje:<br \/>\n\u2022 razli\u010dnih scenarijev proizvodnega plana;<br \/>\n\u2022 razli\u010dnih postavitev strojev v prostor;<br \/>\n\u2022 vpliva razli\u010dnih tehnolo\u0161kih lastnosti strojev na dol\u017eino proizvodnega cikla;<br \/>\n\u2022 testiranje razvojnih na\u010drtov podjetja za proizvodnjo;<br \/>\n\u2022 iskanje ozkih grl v primeru nihanja ali pove\u010danja prodaje;<br \/>\n\u2022 testiranje strategij, kot so MtO, MtS, AtO in drugih.<br \/>\nNa podlagi uporabe modela lahko podjetje skraj\u0161a izdelovalne \u010dase, pove\u010da produktivnost, skraj\u0161a transportne poti in zni\u017ea porabo energije.<br \/>\nZa ve\u010d informacij se obrnite na izr. prof. dr. Brigita Gaj\u0161ek, tel 03 428 5312 oz. email &#98;&#x72;i&#x67;i&#116;&#x61;.&#x67;a&#106;&#x73;e&#x6b;&#64;&#x75;&#x6d;.&#x73;i.<\/p>\n<h4><strong>Implementacija in integracija logisti\u010dnih informacijskih sistemov<\/strong><\/h4>\n<p>V laboratoriju za kvantitativno modeliranje v logistiki pokrivamo tudi raziskovalno podro\u010dje implementacije in integracije logisti\u010dnih informacijskih sistemov (LIS) na izvr\u0161nem (EIS), upravljavskem (ERP in MES) in transakcijskem nivoju (TPS). Pri tem se naslanjamo na sodobne arhitekture informacijskih sistemov (IS), kot so odjemalec-stre\u017enik, obla\u010dne in internet stvari (IoT). Na podro\u010dju IoT razvijamo re\u0161itve na osnovi agentske tehnologije, predvsem avtonomna vozli\u0161\u010da in prehode. Na\u0161e raziskave potekajo tudi na nivoju kiber-fizikalnih sistemov pri razvoju pametnih IoT vozli\u0161\u010d za uporabo v logistiki in medicini.<\/p>\n<p>Smo \u010dlani SAP University Alliance programa in vodimo uvajalne seminarje za uporabo SAP ERP programskega okolja. V implementacijah uporabljamo OpenERP programsko okolje. Pri razvoju kiber-fizikalnih sistemov se poslu\u017eujemo sodobnih senzorjev (temperatura, tlak, pospe\u0161ek, RFID, bio-metrija) in naprav ter odprtih ra\u010dunalni\u0161kih platform, kot sta Rapsberry PI in Arduino. Med obla\u010dnimi arhitekturami smo se orientirali na SAP HANA, Microsoft Azure in IBM Watson okolja.<\/p>\n<p>Za ve\u010d informacij se obrnite na izr. prof. dr. Roman Gumzej, tel 03 428 5314 oz. email <a href=\"&#x6d;a&#x69;&#x6c;t&#x6f;&#58;r&#x6f;&#109;a&#x6e;&#46;g&#x75;&#109;z&#x65;j&#x40;&#x75;m&#x2e;&#x73;i\">&#x72;&#x6f;&#x6d;&#x61;&#x6e;&#x2e;&#x67;&#x75;&#x6d;&#x7a;&#x65;&#x6a;&#x40;&#x75;&#109;&#46;&#115;&#105;<\/a>.[\/vc_column_text][\/vc_column][\/vc_row]<\/p>\n","protected":false},"excerpt":{"rendered":"<p>[vc_row full_width=&#8221;stretch_row_content_no_spaces&#8221;][vc_column][\/vc_column][\/vc_row][vc_row][vc_column width=&#8221;1\/4&#8243; el_class=&#8221;side-col&#8221; offset=&#8221;vc_col-lg-2 vc_col-md-3&#8243;][\/vc_column][vc_column width=&#8221;3\/4&#8243; el_class=&#8221;content-col&#8221; offset=&#8221;vc_col-lg-10 vc_col-md-9&#8243;][vc_column_text] Izdelava virtualnega modela za optimizacijo proizvodnih procesov V okviru Laboratorija za kvantitativno modeliranje v logistiki izdelamo virtualni model proizvodnje v poljubnem podjetju. Na ta na\u010din nastane virtualni laboratorij realnega proizvodnega okolja, ki dopu\u0161\u010da primerjanje: \u2022 razli\u010dnih scenarijev proizvodnega plana; \u2022 razli\u010dnih postavitev strojev v prostor; [&hellip;]<\/p>\n","protected":false},"author":1,"featured_media":0,"parent":0,"menu_order":1,"comment_status":"closed","ping_status":"closed","template":"","meta":[],"_links":{"self":[{"href":"https:\/\/fl.um.si\/en\/wp-json\/wp\/v2\/pages\/2385"}],"collection":[{"href":"https:\/\/fl.um.si\/en\/wp-json\/wp\/v2\/pages"}],"about":[{"href":"https:\/\/fl.um.si\/en\/wp-json\/wp\/v2\/types\/page"}],"author":[{"embeddable":true,"href":"https:\/\/fl.um.si\/en\/wp-json\/wp\/v2\/users\/1"}],"replies":[{"embeddable":true,"href":"https:\/\/fl.um.si\/en\/wp-json\/wp\/v2\/comments?post=2385"}],"version-history":[{"count":4,"href":"https:\/\/fl.um.si\/en\/wp-json\/wp\/v2\/pages\/2385\/revisions"}],"predecessor-version":[{"id":5353,"href":"https:\/\/fl.um.si\/en\/wp-json\/wp\/v2\/pages\/2385\/revisions\/5353"}],"wp:attachment":[{"href":"https:\/\/fl.um.si\/en\/wp-json\/wp\/v2\/media?parent=2385"}],"curies":[{"name":"wp","href":"https:\/\/api.w.org\/{rel}","templated":true}]}}