{"id":2309,"date":"2019-01-08T11:03:50","date_gmt":"2019-01-08T11:03:50","guid":{"rendered":"https:\/\/fl.um.si\/en\/vodstvo\/"},"modified":"2024-08-12T09:37:22","modified_gmt":"2024-08-12T07:37:22","slug":"vodstvo","status":"publish","type":"page","link":"https:\/\/fl.um.si\/en\/vodstvo\/","title":{"rendered":"Leadership"},"content":{"rendered":"<p>[vc_row full_width=&#8221;stretch_row_content_no_spaces&#8221;][vc_column]\t\t\n\t\t<div class=\"title-banner\" style=\"background-image: url(https:\/\/fl.um.si\/wp-content\/uploads\/2019\/01\/cover1.jpg);\">\n\t\t\t<div class=\"container\">\n\t\t\t\t<h2 class=\"entry-title\">Leadership<\/h2>\n\n\t\t\t\t<div class=\"breadcrumbs-container\">\n\t\t\t\t\t\n\t<ul class=\"ns-breadcrumbs\">\n\t\t\t<li><a href=\"https:\/\/fl.um.si\/en\/\">Home<\/a><\/li>\n\t\t\t\t<li>Leadership<\/li>\n\t<\/ul>\n\t\n\t\t\t\t\t<\/div>\n\n\t\t\t<\/div>\n\t\t<\/div>\n\n\t\t[\/vc_column][\/vc_row][vc_row][vc_column width=&#8221;1\/4&#8243; el_class=&#8221;side-col&#8221; offset=&#8221;vc_col-lg-2 vc_col-md-3&#8243;][vc_row][vc_column]\t\n\t\n\t[\/vc_column][\/vc_row][\/vc_column][vc_column width=&#8221;3\/4&#8243; el_class=&#8221;content-col&#8221; offset=&#8221;vc_col-lg-10 vc_col-md-9&#8243;]\t\t\n\t\t<h1 class=\"page-title  \">Leadership<\/h1>\n\n\t\t[vc_column_text]<\/p>\n<h4 class=\"section-title\">Dean<\/h4>\n<h4 class=\"section-title\"><a href=\"https:\/\/fl.um.si\/zaposleni\/fosner-maja\/\"><span class=\"strokovninaziv\">prof. dr.\u00a0<\/span>Maja Fo\u0161ner<\/a><\/h4>\n<h4 class=\"section-title\">Vice-Dean for Academic Affairs<br \/>\n<a href=\"https:\/\/fl.um.si\/zaposleni\/lisec-andrej\/\"><span class=\"strokovninaziv\">izr. prof. dr. Matev\u017e Obrecht<\/span><\/a><\/h4>\n<h4 class=\"section-title\">Vice-Dean for Scientific Research<br \/>\n<a href=\"https:\/\/fl.um.si\/zaposleni\/kovacic-lukman-rebeka\/\" target=\"_blank\" rel=\"noopener\">red. prof. dr. Rebeka Kova\u010di\u010d Lukman<\/a><\/h4>\n<h4 class=\"section-title\">Vice-dean for Postgraduate studies<br \/>\n<a href=\"https:\/\/fl.um.si\/zaposleni\/kramberger-tomaz\/\"><span class=\"strokovninaziv\">prof. dr. Toma\u017e Kramberger<\/span><\/a><\/h4>\n<h4 class=\"section-title\">Secretary General<br \/>\n<a href=\"https:\/\/fl.um.si\/zaposleni\/vrecko-nina\/\">Nina Vre\u010dko<span class=\"strokovninaziv\">, univ. dipl. prav<\/span><\/a><\/h4>\n<div class=\"row kontakt-list-item\"><\/div>\n<p>[\/vc_column_text][\/vc_column][\/vc_row]<\/p>\n","protected":false},"excerpt":{"rendered":"<p>[vc_row full_width=&#8221;stretch_row_content_no_spaces&#8221;][vc_column][\/vc_column][\/vc_row][vc_row][vc_column width=&#8221;1\/4&#8243; el_class=&#8221;side-col&#8221; offset=&#8221;vc_col-lg-2 vc_col-md-3&#8243;][\/vc_column][vc_column width=&#8221;3\/4&#8243; el_class=&#8221;content-col&#8221; offset=&#8221;vc_col-lg-10 vc_col-md-9&#8243;][vc_column_text] Dean prof. dr.\u00a0Maja Fo\u0161ner Vice-Dean for Academic Affairs izr. prof. dr. Matev\u017e Obrecht Vice-Dean for Scientific Research red. prof. dr. Rebeka Kova\u010di\u010d Lukman Vice-dean for Postgraduate studies prof. dr. Toma\u017e Kramberger Secretary General Nina Vre\u010dko, univ. dipl. prav [\/vc_column_text][\/vc_column][\/vc_row]<\/p>\n","protected":false},"author":1,"featured_media":0,"parent":0,"menu_order":3,"comment_status":"closed","ping_status":"closed","template":"","meta":[],"_links":{"self":[{"href":"https:\/\/fl.um.si\/en\/wp-json\/wp\/v2\/pages\/2309"}],"collection":[{"href":"https:\/\/fl.um.si\/en\/wp-json\/wp\/v2\/pages"}],"about":[{"href":"https:\/\/fl.um.si\/en\/wp-json\/wp\/v2\/types\/page"}],"author":[{"embeddable":true,"href":"https:\/\/fl.um.si\/en\/wp-json\/wp\/v2\/users\/1"}],"replies":[{"embeddable":true,"href":"https:\/\/fl.um.si\/en\/wp-json\/wp\/v2\/comments?post=2309"}],"version-history":[{"count":6,"href":"https:\/\/fl.um.si\/en\/wp-json\/wp\/v2\/pages\/2309\/revisions"}],"predecessor-version":[{"id":11732,"href":"https:\/\/fl.um.si\/en\/wp-json\/wp\/v2\/pages\/2309\/revisions\/11732"}],"wp:attachment":[{"href":"https:\/\/fl.um.si\/en\/wp-json\/wp\/v2\/media?parent=2309"}],"curies":[{"name":"wp","href":"https:\/\/api.w.org\/{rel}","templated":true}]}}